{"id":67,"date":"2014-09-28T09:13:38","date_gmt":"2014-09-28T09:13:38","guid":{"rendered":"http:\/\/www.escuelajaponesalp.com\/Dentou\/?page_id=67"},"modified":"2022-10-17T17:46:46","modified_gmt":"2022-10-17T17:46:46","slug":"socios","status":"publish","type":"page","link":"https:\/\/www.escuelajaponesalp.com\/Dentou\/?page_id=67","title":{"rendered":"SOCIOS"},"content":{"rendered":"<p>Si deseas formar parte de nuestra Asociaci\u00f3n, deber\u00e1s enviarnos el siguiente formulario web con tus datos y nosotros nos pondremos en contacto contigo.<\/p>\n<p>Si eres menor de edad, en el momento de la inscripci\u00f3n como socio, deber\u00e1s entregar la autorizaci\u00f3n de tus padres o tutores legales en secretar\u00eda.<\/p>\n<p>Para cualquier duda o consulta puedes hacerlo a trav\u00e9s de nuestra secci\u00f3n de contacto.<\/p>\n<h3>SOCIOS: Formulario de solicitud<\/h3>\n<p style=\"text-align: center;\"><span style=\"color: #ff0000;\"><strong>LA INSCRIPCI\u00d3N NO ES POSIBLE EN ESTOS MOMENTOS<\/strong><\/span><\/p>\n<p>&nbsp;<\/p>\n","protected":false},"excerpt":{"rendered":"<p>Si deseas formar parte de nuestra Asociaci\u00f3n, deber\u00e1s enviarnos el siguiente formulario web con tus datos y nosotros nos pondremos en contacto contigo. Si eres menor de edad, en el momento de la inscripci\u00f3n como socio, deber\u00e1s entregar la autorizaci\u00f3n de tus padres o tutores legales en secretar\u00eda. Para cualquier duda o consulta puedes hacerlo [&hellip;]<\/p>\n","protected":false},"author":1,"featured_media":0,"parent":0,"menu_order":0,"comment_status":"closed","ping_status":"closed","template":"","meta":{"ngg_post_thumbnail":0},"_links":{"self":[{"href":"https:\/\/www.escuelajaponesalp.com\/Dentou\/index.php?rest_route=\/wp\/v2\/pages\/67"}],"collection":[{"href":"https:\/\/www.escuelajaponesalp.com\/Dentou\/index.php?rest_route=\/wp\/v2\/pages"}],"about":[{"href":"https:\/\/www.escuelajaponesalp.com\/Dentou\/index.php?rest_route=\/wp\/v2\/types\/page"}],"author":[{"embeddable":true,"href":"https:\/\/www.escuelajaponesalp.com\/Dentou\/index.php?rest_route=\/wp\/v2\/users\/1"}],"replies":[{"embeddable":true,"href":"https:\/\/www.escuelajaponesalp.com\/Dentou\/index.php?rest_route=%2Fwp%2Fv2%2Fcomments&post=67"}],"version-history":[{"count":8,"href":"https:\/\/www.escuelajaponesalp.com\/Dentou\/index.php?rest_route=\/wp\/v2\/pages\/67\/revisions"}],"predecessor-version":[{"id":2143,"href":"https:\/\/www.escuelajaponesalp.com\/Dentou\/index.php?rest_route=\/wp\/v2\/pages\/67\/revisions\/2143"}],"wp:attachment":[{"href":"https:\/\/www.escuelajaponesalp.com\/Dentou\/index.php?rest_route=%2Fwp%2Fv2%2Fmedia&parent=67"}],"curies":[{"name":"wp","href":"https:\/\/api.w.org\/{rel}","templated":true}]}}