{"id":19,"date":"2014-09-21T03:43:42","date_gmt":"2014-09-21T03:43:42","guid":{"rendered":"http:\/\/www.escuelajaponesalp.com\/Dentou\/?page_id=19"},"modified":"2017-09-16T16:49:47","modified_gmt":"2017-09-16T16:49:47","slug":"asociacion","status":"publish","type":"page","link":"https:\/\/www.escuelajaponesalp.com\/Dentou\/?page_id=19","title":{"rendered":"ASOCIACI\u00d3N"},"content":{"rendered":"<p style=\"text-align: justify;\"><img loading=\"lazy\" class=\"wp-image-1400 size-medium aligncenter\" src=\"http:\/\/escuelajaponesalp.com\/wp-content\/uploads\/2013\/09\/Dentou3-300x166.png\" alt=\"Dentou3\" width=\"300\" height=\"166\"><\/p>\n<p style=\"text-align: justify;\">El 22 de julio de 2012, se constituye la Asociaci\u00f3n Cultural Dentou, con NCI n\u00ba G1\/S1\/17842-11\/GC del registro de Asociaciones de Canarias, como plataforma para el desarrollo de distintas actividades de promoci\u00f3n de la cultura japonesa, impulsadas desde la Escuela Complementaria Japonesa de Las Palmas de Gran Canaria.<\/p>\n<p style=\"text-align: justify;\" align=\"LEFT\">La existencia de la Asociaci\u00f3n, tiene como fines:<\/p>\n<p style=\"text-align: justify;\" align=\"LEFT\"><b>a) <\/b>El promover, fomentar y difundir las manifestaciones art\u00edsticas, culturales, tradicionales, deportivas y folcl\u00f3ricas japonesas.<\/p>\n<p style=\"text-align: justify;\" align=\"LEFT\"><b>b) <\/b>La promoci\u00f3n, propagaci\u00f3n, divulgaci\u00f3n y fomento del idioma japon\u00e9s.<\/p>\n<p style=\"text-align: justify;\" align=\"LEFT\"><b>c) <\/b>Realizaci\u00f3n de actividades de Ocio, Tiempo Libre, educativas y de car\u00e1cter deportivo.<\/p>\n<p style=\"text-align: justify;\" align=\"LEFT\">Para el cumplimiento de estos fines se realizar\u00e1n las siguientes actividades:<\/p>\n<p style=\"text-align: justify;\" align=\"LEFT\"><b>a) <\/b>Divulgar las caracter\u00edsticas propias de la cultura japonesa a trav\u00e9s de cursos, conferencias, demostraciones, seguimiento de las festividades del calendario japon\u00e9s y cualquier otra actividad relacionada con los fines de la asociaci\u00f3n.<\/p>\n<p style=\"text-align: justify;\" align=\"LEFT\"><b>b) <\/b>Puesta en contacto de ciudadanos canarios y japoneses para el aprendizaje de la lengua y la cultura y el fomento de las relaciones de ambos pueblos.<\/p>\n<p style=\"text-align: justify;\" align=\"LEFT\"><b>c) <\/b>Informar a los ciudadanos japoneses que viajen a la Comunidad Aut\u00f3noma de Canarias y a los ciudadanos canarios que deseen viajar a Jap\u00f3n sobre lugares de inter\u00e9s, rutas, historia, alojamiento, etc.<\/p>\n<p style=\"text-align: justify;\" align=\"LEFT\">Los beneficios eventualmente obtenidos por el desarrollo de estas actividades, se dedicar\u00e1n a realizar otras de la misma naturaleza, conforme a los fines sociales.<\/p>\n<p style=\"text-align: justify;\" align=\"LEFT\">Desde entonces, son m\u00faltiples la actividades que se han venido desarrollando para la consecuci\u00f3n de nuestros fines asociativos en estos a\u00f1os, contando con el apoyo de numerosas personas y participando como invitados en algunos de los m\u00e1s importantes eventos culturales de nuestra ciudad.<\/p>\n<p style=\"text-align: justify;\">Estas actividades est\u00e1n organizadas por dicha Asociaci\u00f3n, el profesorado nativo de la Escuela y sus alumnos, as\u00ed como por simpatizantes que acuden a nuestras actividades cada a\u00f1o.<\/p>\n<p style=\"text-align: justify;\">Nuestra Asociaci\u00f3n quiere crecer y por eso abrimos este espacio para todas aquellas personas, interesadas en formar parte de este proyecto. Si eres una de esas personas, cumplimenta tu solicitud de socio y nos pondremos en contacto contigo para formalizar tu condici\u00f3n de miembro de nuestra Asociaci\u00f3n.<\/p>\n<p style=\"text-align: justify;\">Para inscribirte cumplimenta nuestro <a href=\"http:\/\/www.escuelajaponesalp.com\/Dentou\/?page_id=67\" target=\"_blank\" rel=\"noopener\">formulario web<\/a> y nos pondremos en contacto contigo.<\/p>\n<h3 style=\"text-align: right;\">\u00a1Bienvenido!<\/h3>\n<p style=\"text-align: justify;\">&nbsp;<\/p>\n","protected":false},"excerpt":{"rendered":"<p>El 22 de julio de 2012, se constituye la Asociaci\u00f3n Cultural Dentou, con NCI n\u00ba G1\/S1\/17842-11\/GC del registro de Asociaciones de Canarias, como plataforma para el desarrollo de distintas actividades de promoci\u00f3n de la cultura japonesa, impulsadas desde la Escuela Complementaria Japonesa de Las Palmas de Gran Canaria. La existencia de la Asociaci\u00f3n, tiene como [&hellip;]<\/p>\n","protected":false},"author":1,"featured_media":0,"parent":0,"menu_order":0,"comment_status":"closed","ping_status":"closed","template":"","meta":{"ngg_post_thumbnail":0},"_links":{"self":[{"href":"https:\/\/www.escuelajaponesalp.com\/Dentou\/index.php?rest_route=\/wp\/v2\/pages\/19"}],"collection":[{"href":"https:\/\/www.escuelajaponesalp.com\/Dentou\/index.php?rest_route=\/wp\/v2\/pages"}],"about":[{"href":"https:\/\/www.escuelajaponesalp.com\/Dentou\/index.php?rest_route=\/wp\/v2\/types\/page"}],"author":[{"embeddable":true,"href":"https:\/\/www.escuelajaponesalp.com\/Dentou\/index.php?rest_route=\/wp\/v2\/users\/1"}],"replies":[{"embeddable":true,"href":"https:\/\/www.escuelajaponesalp.com\/Dentou\/index.php?rest_route=%2Fwp%2Fv2%2Fcomments&post=19"}],"version-history":[{"count":10,"href":"https:\/\/www.escuelajaponesalp.com\/Dentou\/index.php?rest_route=\/wp\/v2\/pages\/19\/revisions"}],"predecessor-version":[{"id":2025,"href":"https:\/\/www.escuelajaponesalp.com\/Dentou\/index.php?rest_route=\/wp\/v2\/pages\/19\/revisions\/2025"}],"wp:attachment":[{"href":"https:\/\/www.escuelajaponesalp.com\/Dentou\/index.php?rest_route=%2Fwp%2Fv2%2Fmedia&parent=19"}],"curies":[{"name":"wp","href":"https:\/\/api.w.org\/{rel}","templated":true}]}}