{"id":52,"date":"2014-09-21T22:42:07","date_gmt":"2014-09-21T22:42:07","guid":{"rendered":"http:\/\/www.escuelajaponesalp.com\/Dentou\/?page_id=52"},"modified":"2014-09-21T22:45:33","modified_gmt":"2014-09-21T22:45:33","slug":"terminos-de-uso","status":"publish","type":"page","link":"http:\/\/www.escuelajaponesalp.com\/Dentou\/?page_id=52","title":{"rendered":"T\u00c9RMINOS DE USO"},"content":{"rendered":"<p style=\"text-align: justify;\">Por el hecho de acceder, navegar y\/o usar esta p\u00e1gina web, el usuario acata los t\u00e9rminos y condiciones aqu\u00ed expuestas y que se aplican a todas las visitas a esta p\u00e1gina web. Toda la informaci\u00f3n contenida en esta p\u00e1gina web se facilita bajo reserva de derecho y, por tanto, sujeta a la aceptaci\u00f3n de los t\u00e9rminos y condiciones establecidos en este aviso legal. No se derivar\u00e1 ning\u00fan derecho de los contenidos de esta p\u00e1gina web.<\/p>\n<p style=\"text-align: justify;\">En particular,\u00a0<strong>La Asociaci\u00f3n Cultural Dentou <\/strong>no puede ser considerada responsable por cualesquiera consecuencias derivadas de o en conexi\u00f3n con la informaci\u00f3n facilitada en esta p\u00e1gina web y\/o facilitadas por las p\u00e1ginas web a las que se haya accedido a trav\u00e9s de los enlaces disponibles en esta p\u00e1gina.<\/p>\n<p style=\"text-align: justify;\">La informaci\u00f3n, materiales y gr\u00e1ficos disponibles en este site pueden ser modificados sin previo aviso.<\/p>\n<p style=\"text-align: justify;\">Aunque esta p\u00e1gina se actualiza peri\u00f3dicamente, su informaci\u00f3n, materiales y gr\u00e1ficos disponibles pueden ser incompletos, desfasados o incorrectos.<\/p>\n<p style=\"text-align: justify;\">La informaci\u00f3n contenida en esta p\u00e1gina web constituye una propuesta y no debe ser considerada como una oferta. Todas las transacciones est\u00e1n sujetas a los \u201cAcuerdos Generales y Condiciones de Ventas y Servicios\u201d<\/p>\n<p style=\"text-align: justify;\"><strong>Copyright<\/strong><\/p>\n<p style=\"text-align: justify;\">La copia, modificaci\u00f3n o incorporaci\u00f3n en cualquier otro trabajo o de toda o parte de la informaci\u00f3n, materiales o gr\u00e1ficos disponibles en esta p\u00e1gina web en cualquier forma, est\u00e1 prohibida, salvo en los caso de que el usuario quiera:<\/p>\n<p style=\"text-align: justify;\">\u2022Imprimir o descargar partes o extractos de informaci\u00f3n, materiales o gr\u00e1ficos de esta p\u00e1gina web para uso no comercial y meramente informativo en su propia persona.<\/p>\n<p style=\"text-align: justify;\">\u2022Copiar (incluso mediante correo electr\u00f3nico) informaci\u00f3n, materiales o gr\u00e1ficos en esta p\u00e1gina web con el prop\u00f3sito de enviarlos a terceros con fines informativos y no comerciales a condici\u00f3n de :<\/p>\n<p style=\"text-align: justify;\">1.reconocer por escrito que <strong>La Asociaci\u00f3n Cultural Dentou <\/strong>es la fuente de dicha informaci\u00f3n, materiales o gr\u00e1ficos.<\/p>\n<p style=\"text-align: justify;\">2.informar por escrito a tales terceros que tales informaciones materiales o gr\u00e1ficos se facilitan bajo las condiciones y t\u00e9rminos de esta declaraci\u00f3n.<\/p>\n<p style=\"text-align: justify;\">\u2022Imprimir o descargar extractos y\/o copias (incluso por medio de correo electr\u00f3nico), informaci\u00f3n, material o gr\u00e1ficos en esta p\u00e1gina web para prop\u00f3sitos educativos, previo permiso escrito a este efecto por parte de <strong>La Asociaci\u00f3n Cultural Dentou <\/strong>.<\/p>\n<p style=\"text-align: justify;\"><strong>AVISO<\/strong><\/p>\n<p style=\"text-align: justify;\">Toda la informaci\u00f3n, materiales o gr\u00e1ficos contenidos en esta p\u00e1gina web se facilitar\u00e1n con reserva de derecho expl\u00edcita y, por tanto,\u00a0\u00a0de ella no se derivar\u00e1 derecho alguno.<\/p>\n<p style=\"text-align: justify;\"><strong>La Asociaci\u00f3n Cultural Dentou <\/strong>no avala o da garant\u00eda alguna en relaci\u00f3n a ( y hasta los l\u00edmites que indica la ley no se deber\u00e1 asumir garant\u00eda impl\u00edcita alguna) la informaci\u00f3n, materiales o gr\u00e1ficos contenidos en esta p\u00e1gina web la cual ha sido elaborada de buena fe y en la medida de los conocimientos de\u00a0<strong>La Asociaci\u00f3n Cultural Dentou <\/strong> con fines informativos.<\/p>\n<p style=\"text-align: justify;\"><strong>La Asociaci\u00f3n Cultural Dentou <\/strong>\u00a0excluye expresamente, en la medida que lo permita la ley, todo tipo de responsabilidades , garant\u00edas, obligaciones, t\u00e9rminos y condiciones (impl\u00edcitas o expl\u00edcitas, derivadas de contrato, acuerdo o similar e independientemente de la negligencia de <strong>La Asociaci\u00f3n Cultural Dentou <\/strong>agentes o empleados) en relaci\u00f3n a o en conexi\u00f3n con la informaci\u00f3n materiales o gr\u00e1ficos contenidos en el site. En particular ni <strong>La Asociaci\u00f3n Cultural Dentou <\/strong>podr\u00e1 ser considerada responsable por cualesquiera consecuencias (incluyendo cualquier p\u00e9rdida derivada, especial, indirecta, sea en contrato o por negligencia u otro error) surgidas en conexi\u00f3n con la informaci\u00f3n, materiales o gr\u00e1ficos contenidos en esta p\u00e1gina web.<\/p>\n","protected":false},"excerpt":{"rendered":"<p>Por el hecho de acceder, navegar y\/o usar esta p\u00e1gina web, el usuario acata los t\u00e9rminos y condiciones aqu\u00ed expuestas y que se aplican a todas las visitas a esta p\u00e1gina web. Toda la informaci\u00f3n contenida en esta p\u00e1gina web se facilita bajo reserva de derecho y, por tanto, sujeta a la aceptaci\u00f3n de los [&hellip;]<\/p>\n","protected":false},"author":1,"featured_media":0,"parent":0,"menu_order":0,"comment_status":"closed","ping_status":"closed","template":"","meta":{"ngg_post_thumbnail":0},"_links":{"self":[{"href":"http:\/\/www.escuelajaponesalp.com\/Dentou\/index.php?rest_route=\/wp\/v2\/pages\/52"}],"collection":[{"href":"http:\/\/www.escuelajaponesalp.com\/Dentou\/index.php?rest_route=\/wp\/v2\/pages"}],"about":[{"href":"http:\/\/www.escuelajaponesalp.com\/Dentou\/index.php?rest_route=\/wp\/v2\/types\/page"}],"author":[{"embeddable":true,"href":"http:\/\/www.escuelajaponesalp.com\/Dentou\/index.php?rest_route=\/wp\/v2\/users\/1"}],"replies":[{"embeddable":true,"href":"http:\/\/www.escuelajaponesalp.com\/Dentou\/index.php?rest_route=%2Fwp%2Fv2%2Fcomments&post=52"}],"version-history":[{"count":2,"href":"http:\/\/www.escuelajaponesalp.com\/Dentou\/index.php?rest_route=\/wp\/v2\/pages\/52\/revisions"}],"predecessor-version":[{"id":54,"href":"http:\/\/www.escuelajaponesalp.com\/Dentou\/index.php?rest_route=\/wp\/v2\/pages\/52\/revisions\/54"}],"wp:attachment":[{"href":"http:\/\/www.escuelajaponesalp.com\/Dentou\/index.php?rest_route=%2Fwp%2Fv2%2Fmedia&parent=52"}],"curies":[{"name":"wp","href":"https:\/\/api.w.org\/{rel}","templated":true}]}}